{"id":161616,"date":"2025-11-13T17:02:52","date_gmt":"2025-11-13T15:02:52","guid":{"rendered":"https:\/\/4room.lv\/?post_type=product&#038;p=161616"},"modified":"2026-01-19T12:42:24","modified_gmt":"2026-01-19T10:42:24","slug":"golf-6-pendant","status":"publish","type":"product","link":"https:\/\/4room.lv\/ru\/veikals\/apgaismojums\/dekorativais\/golf-6-pendant\/","title":{"rendered":"Golf 6 pendant"},"content":{"rendered":"","protected":false},"excerpt":{"rendered":"<p>Kad klasika un m\u016bsdienas satiekas, top lielisks dizaina risinajums efekt\u012bgam gaismeklim. Led gaismeklis ar se\u0161iem da\u017e\u0101diem stikliem, kurus iesp\u0113ja kombin\u0113t p\u0113c j\u016bsu ieskatiem. Konkr\u0113tajam modelim ir tr\u012bs maz\u0101k\u0101ki un tr\u012bs liel\u0101ki stikla kupoli causrp\u012bd\u012bg\u0101, za\u013c\u0101 un d\u016bmakoti pel\u0113k\u0101 stikl\u0101. Gaisma b\u016bs izteikti dekorat\u012bva, lielisks risin\u0101jums k\u0101 dekora\u012bvs gaismeklis virs galda vai k\u0101pn\u0113s. Der\u0113s ar\u012b augstiem griestiem, jo tai ir 2m kabe\u013ci.<\/p>\n<p>Gaismeklim ir iesp\u0113ja izv\u0113l\u0113ties da\u017e\u0101dus b\u0101zes stiprin\u0101jumus, pa vienam vai line\u0101ra izk\u0101rtojum\u0101. Un var sakomplekt\u0113t v\u0113lamos stiklus. Dro\u0161i variet v\u0113rsties pie mums un pal\u012bdz\u0113sim sakomplekt\u0113t.<\/p>\n<p>&nbsp;<\/p>\n","protected":false},"featured_media":161617,"template":"","meta":[],"product_cat":[127,147],"product_tag":[],"class_list":{"0":"post-161616","1":"product","2":"type-product","3":"status-publish","4":"has-post-thumbnail","6":"product_brand-ondaluce","7":"product_cat-apgaismojums","8":"product_cat-dekorativais","10":"first","11":"instock","12":"shipping-taxable","13":"purchasable","14":"product-type-simple","15":"hongo-alternate-image-wrap"},"_links":{"self":[{"href":"https:\/\/4room.lv\/ru\/wp-json\/wp\/v2\/product\/161616","targetHints":{"allow":["GET"]}}],"collection":[{"href":"https:\/\/4room.lv\/ru\/wp-json\/wp\/v2\/product"}],"about":[{"href":"https:\/\/4room.lv\/ru\/wp-json\/wp\/v2\/types\/product"}],"wp:featuredmedia":[{"embeddable":true,"href":"https:\/\/4room.lv\/ru\/wp-json\/wp\/v2\/media\/161617"}],"wp:attachment":[{"href":"https:\/\/4room.lv\/ru\/wp-json\/wp\/v2\/media?parent=161616"}],"wp:term":[{"taxonomy":"product_cat","embeddable":true,"href":"https:\/\/4room.lv\/ru\/wp-json\/wp\/v2\/product_cat?post=161616"},{"taxonomy":"product_tag","embeddable":true,"href":"https:\/\/4room.lv\/ru\/wp-json\/wp\/v2\/product_tag?post=161616"}],"curies":[{"name":"wp","href":"https:\/\/api.w.org\/{rel}","templated":true}]}}