{"id":161652,"date":"2025-11-14T17:00:31","date_gmt":"2025-11-14T15:00:31","guid":{"rendered":"https:\/\/4room.lv\/?post_type=product&#038;p=161652"},"modified":"2026-03-01T18:10:36","modified_gmt":"2026-03-01T16:10:36","slug":"lustra-derby","status":"publish","type":"product","link":"https:\/\/4room.lv\/ru\/veikals\/apgaismojums\/dekorativais\/lustra-derby\/","title":{"rendered":"Lustra Derby"},"content":{"rendered":"","protected":false},"excerpt":{"rendered":"<p>M\u016bsdien\u012bga it\u0101\u013cu lustra, kas apvieno moderno un klasisko vien\u0101 dizain\u0101. Gaismeklim ir 16 balta stikla kupoli, katr\u0101 pa G9 spuldz\u012btei. Spuldz\u012btes variet izveleties p\u0113c ieskatiem, nodro\u0161inot sev v\u0113lamo apgaismojumu. Lustra piem\u0113rota a\u0157\u012b augstiem griestiem, jo tai ir 3m trose.<\/p>\n","protected":false},"featured_media":161653,"template":"","meta":[],"product_cat":[127,147],"product_tag":[],"class_list":{"0":"post-161652","1":"product","2":"type-product","3":"status-publish","4":"has-post-thumbnail","6":"product_brand-ondaluce","7":"product_cat-apgaismojums","8":"product_cat-dekorativais","10":"first","11":"instock","12":"sale","13":"shipping-taxable","14":"purchasable","15":"product-type-simple"},"_links":{"self":[{"href":"https:\/\/4room.lv\/ru\/wp-json\/wp\/v2\/product\/161652","targetHints":{"allow":["GET"]}}],"collection":[{"href":"https:\/\/4room.lv\/ru\/wp-json\/wp\/v2\/product"}],"about":[{"href":"https:\/\/4room.lv\/ru\/wp-json\/wp\/v2\/types\/product"}],"wp:featuredmedia":[{"embeddable":true,"href":"https:\/\/4room.lv\/ru\/wp-json\/wp\/v2\/media\/161653"}],"wp:attachment":[{"href":"https:\/\/4room.lv\/ru\/wp-json\/wp\/v2\/media?parent=161652"}],"wp:term":[{"taxonomy":"product_cat","embeddable":true,"href":"https:\/\/4room.lv\/ru\/wp-json\/wp\/v2\/product_cat?post=161652"},{"taxonomy":"product_tag","embeddable":true,"href":"https:\/\/4room.lv\/ru\/wp-json\/wp\/v2\/product_tag?post=161652"}],"curies":[{"name":"wp","href":"https:\/\/api.w.org\/{rel}","templated":true}]}}