{"id":161683,"date":"2025-11-20T17:42:09","date_gmt":"2025-11-20T15:42:09","guid":{"rendered":"https:\/\/4room.lv\/?post_type=product&#038;p=161683"},"modified":"2025-12-28T19:18:56","modified_gmt":"2025-12-28T17:18:56","slug":"floor-lamp-tripod-marsala","status":"publish","type":"product","link":"https:\/\/4room.lv\/ru\/veikals\/apgaismojums\/dekorativais\/floor-lamp-tripod-marsala\/","title":{"rendered":"Floor Lamp Tripod Marsala"},"content":{"rendered":"","protected":false},"excerpt":{"rendered":"<p>Efekt\u012bga st\u0101vlampa, aktu\u0101laj\u0101 tum\u0161i sarkanaj\u0101 ton\u012b. Tr\u012bsk\u0101jis ar aba\u017e\u016bru ir klasiska v\u0113rt\u012bba, kas no modes neiziet. Gaismek\u013ca k\u0101jas ir kr\u0101sots met\u0101ls, aba\u017e\u016brs no auduma un PVC b\u0101zes. St\u0101vlampas kabelis gudri pasl\u0113pts k\u0101j\u0101, lai tas nerad\u012btu vizu\u0101lu haosu un izskat\u012btos sav\u0101kt\u0101k un est\u0113tisk\u0101k. T\u0101 garums ir 180cm.<\/p>\n<p>Gaimekl\u012b nepiecie\u0161ama E27 spuldze, ko variet piemekl\u0113t p\u0113c saviem ieskatiem.<\/p>\n<p>&nbsp;<\/p>\n","protected":false},"featured_media":161699,"template":"","meta":[],"product_cat":[127,147],"product_tag":[],"class_list":{"0":"post-161683","1":"product","2":"type-product","3":"status-publish","4":"has-post-thumbnail","6":"product_brand-dutch-bone","7":"product_brand-white-label-living","8":"product_brand-zuiver","9":"product_cat-apgaismojums","10":"product_cat-dekorativais","12":"first","13":"instock","14":"shipping-taxable","15":"purchasable","16":"product-type-simple","17":"hongo-alternate-image-wrap"},"_links":{"self":[{"href":"https:\/\/4room.lv\/ru\/wp-json\/wp\/v2\/product\/161683","targetHints":{"allow":["GET"]}}],"collection":[{"href":"https:\/\/4room.lv\/ru\/wp-json\/wp\/v2\/product"}],"about":[{"href":"https:\/\/4room.lv\/ru\/wp-json\/wp\/v2\/types\/product"}],"wp:featuredmedia":[{"embeddable":true,"href":"https:\/\/4room.lv\/ru\/wp-json\/wp\/v2\/media\/161699"}],"wp:attachment":[{"href":"https:\/\/4room.lv\/ru\/wp-json\/wp\/v2\/media?parent=161683"}],"wp:term":[{"taxonomy":"product_cat","embeddable":true,"href":"https:\/\/4room.lv\/ru\/wp-json\/wp\/v2\/product_cat?post=161683"},{"taxonomy":"product_tag","embeddable":true,"href":"https:\/\/4room.lv\/ru\/wp-json\/wp\/v2\/product_tag?post=161683"}],"curies":[{"name":"wp","href":"https:\/\/api.w.org\/{rel}","templated":true}]}}