{"id":161702,"date":"2025-11-20T17:49:41","date_gmt":"2025-11-20T15:49:41","guid":{"rendered":"https:\/\/4room.lv\/?post_type=product&#038;p=161702"},"modified":"2025-12-28T19:18:56","modified_gmt":"2025-12-28T17:18:56","slug":"sofa-polly-brown","status":"publish","type":"product","link":"https:\/\/4room.lv\/ru\/veikals\/mebeles\/divani\/sofa-polly-brown\/","title":{"rendered":"Sofa Polly Brown"},"content":{"rendered":"","protected":false},"excerpt":{"rendered":"<p>Jau iecien\u012btais Polly d\u012bv\u0101ns jaunaj\u0101, aktu\u0101laj\u0101 \u0161okol\u0101des ton\u012b. Tam ir maigs vel\u016bra audums kas izce\u013c to\u0146a eleganci. R\u0101mis ir melna met\u0101la. \u0160is d\u012bv\u0101ns ieder\u0113sies k\u0101 m\u0101j\u0101s, ta ofis\u0101 vai uzgaid\u0101maj\u0101 telp\u0101 un padar\u012bs ttelpu m\u016bsdien\u012bgu un aktu\u0101lu.<\/p>\n","protected":false},"featured_media":161709,"template":"","meta":[],"product_cat":[131,129,145],"product_tag":[],"class_list":{"0":"post-161702","1":"product","2":"type-product","3":"status-publish","4":"has-post-thumbnail","6":"product_brand-dutch-bone","7":"product_brand-white-label-living","8":"product_brand-zuiver","9":"product_cat-biroja-mebeles","10":"product_cat-mebeles","11":"product_cat-divani","13":"first","14":"instock","15":"shipping-taxable","16":"purchasable","17":"product-type-simple","18":"hongo-alternate-image-wrap"},"_links":{"self":[{"href":"https:\/\/4room.lv\/ru\/wp-json\/wp\/v2\/product\/161702","targetHints":{"allow":["GET"]}}],"collection":[{"href":"https:\/\/4room.lv\/ru\/wp-json\/wp\/v2\/product"}],"about":[{"href":"https:\/\/4room.lv\/ru\/wp-json\/wp\/v2\/types\/product"}],"wp:featuredmedia":[{"embeddable":true,"href":"https:\/\/4room.lv\/ru\/wp-json\/wp\/v2\/media\/161709"}],"wp:attachment":[{"href":"https:\/\/4room.lv\/ru\/wp-json\/wp\/v2\/media?parent=161702"}],"wp:term":[{"taxonomy":"product_cat","embeddable":true,"href":"https:\/\/4room.lv\/ru\/wp-json\/wp\/v2\/product_cat?post=161702"},{"taxonomy":"product_tag","embeddable":true,"href":"https:\/\/4room.lv\/ru\/wp-json\/wp\/v2\/product_tag?post=161702"}],"curies":[{"name":"wp","href":"https:\/\/api.w.org\/{rel}","templated":true}]}}