{"id":161760,"date":"2025-11-10T17:23:29","date_gmt":"2025-11-10T15:23:29","guid":{"rendered":"https:\/\/4room.lv\/?post_type=product&#038;p=161760"},"modified":"2026-01-21T20:41:44","modified_gmt":"2026-01-21T18:41:44","slug":"mina-m-lexon-x-keith-haring-love","status":"publish","type":"product","link":"https:\/\/4room.lv\/ru\/veikals\/apgaismojums\/dekorativais\/mina-m-lexon-x-keith-haring-love\/","title":{"rendered":"Mina M Lexon x Keith Haring Love"},"content":{"rendered":"","protected":false},"excerpt":{"rendered":"<p>Dekorat\u012bvs un interesants galda Led gaismeklis, kas rad\u012bts sadarb\u012bba ar m\u0101kslinieku Keitu Haringu, aspogu\u013cojot vi\u0146a ikonisko m\u0101kslas darbu uz gaisme\u013ca pamatnes. Tas ir neliels, bet izteiksm\u012bgs. Ta k\u0101 tas darbojas bez vada uz uzl\u0101di, tad to var\u0113siet nolikt jebkur vai pat pa\u0146emt sev l\u012bdzi! Fantastiska d\u0101vana sev vai k\u0101dam m\u0101kslas m\u012b\u013cot\u0101jam.<\/p>\n<p>Gaismeklis ir ar regul\u0113jamu jaudu un gaismas toni. Tas ir l\u0101d\u0113jams ar C tipa l\u0101d\u0113t\u0101ju un pie pilnas uzl\u0101des darbojas l\u012bdz pat 24H.<\/p>\n<p>&nbsp;<\/p>\n<p>The Designer<\/p>\n<p class=\"artist-name\" role=\"presentation\" aria-hidden=\"true\" data-uw-rm-heading=\"hide\">Manuela Simonelli &amp; Andrea Quaglio<\/p>\n","protected":false},"featured_media":161761,"template":"","meta":[],"product_cat":[1058,127,147],"product_tag":[],"class_list":{"0":"post-161760","1":"product","2":"type-product","3":"status-publish","4":"has-post-thumbnail","6":"product_brand-lexon","7":"product_cat-dizaina","8":"product_cat-apgaismojums","9":"product_cat-dekorativais","11":"first","12":"instock","13":"shipping-taxable","14":"purchasable","15":"product-type-simple","16":"hongo-alternate-image-wrap"},"_links":{"self":[{"href":"https:\/\/4room.lv\/ru\/wp-json\/wp\/v2\/product\/161760","targetHints":{"allow":["GET"]}}],"collection":[{"href":"https:\/\/4room.lv\/ru\/wp-json\/wp\/v2\/product"}],"about":[{"href":"https:\/\/4room.lv\/ru\/wp-json\/wp\/v2\/types\/product"}],"wp:featuredmedia":[{"embeddable":true,"href":"https:\/\/4room.lv\/ru\/wp-json\/wp\/v2\/media\/161761"}],"wp:attachment":[{"href":"https:\/\/4room.lv\/ru\/wp-json\/wp\/v2\/media?parent=161760"}],"wp:term":[{"taxonomy":"product_cat","embeddable":true,"href":"https:\/\/4room.lv\/ru\/wp-json\/wp\/v2\/product_cat?post=161760"},{"taxonomy":"product_tag","embeddable":true,"href":"https:\/\/4room.lv\/ru\/wp-json\/wp\/v2\/product_tag?post=161760"}],"curies":[{"name":"wp","href":"https:\/\/api.w.org\/{rel}","templated":true}]}}