{"id":161770,"date":"2025-11-26T17:40:40","date_gmt":"2025-11-26T15:40:40","guid":{"rendered":"https:\/\/4room.lv\/?post_type=product&#038;p=161770"},"modified":"2025-11-26T17:40:41","modified_gmt":"2025-11-26T15:40:41","slug":"gift-set-lexon-x-pantone-sand-dollar","status":"publish","type":"product","link":"https:\/\/4room.lv\/ru\/veikals\/apgaismojums\/dekorativais\/gift-set-lexon-x-pantone-sand-dollar\/","title":{"rendered":"Gift set Lexon x Pantone Sand Dollar"},"content":{"rendered":"","protected":false},"excerpt":{"rendered":"<p>Unik\u0101ls davanu komplekts no Lexon bestselleriem sadarb\u012bb\u0101 ar Pantoni, skaistaj\u0101 Sand Dollar ton\u012b. Komplekt\u0101 ir Mina M galda gaismeklis, Tykho 3 FM radio\/ Bluetooth tumbi\u0146a, Flip Classic digit\u0101lais pulkstenis un Mino+ Bluetooth ska\u013crunis. Visi priek\u0161meti ir stil\u012bgi un lieliski papildin\u0101s telpu. Pateicoties tam, ka visi ir l\u0101d\u0113jami ar C tipa l\u0101d\u0113taju, tos var likt kur sirds k\u0101ro vai pat \u0146emt l\u012bdzi peidz\u012bvojumos. Padarot jebkuru vidi dizainiski peivilc\u012bgu. For\u0161a d\u0101vana sev vai k\u0101dam kas nov\u0113rt\u0113 dizain\u0101 pievilc\u012bgus gad\u017eetus.<\/p>\n<p>&nbsp;<\/p>\n<p>&nbsp;<\/p>\n","protected":false},"featured_media":161771,"template":"","meta":[],"product_cat":[1058,127,147,130],"product_tag":[],"class_list":{"0":"post-161770","1":"product","2":"type-product","3":"status-publish","4":"has-post-thumbnail","6":"product_brand-lexon","7":"product_cat-dizaina","8":"product_cat-apgaismojums","9":"product_cat-dekorativais","10":"product_cat-interjeram","12":"first","13":"instock","14":"shipping-taxable","15":"purchasable","16":"product-type-simple","17":"hongo-alternate-image-wrap"},"_links":{"self":[{"href":"https:\/\/4room.lv\/ru\/wp-json\/wp\/v2\/product\/161770","targetHints":{"allow":["GET"]}}],"collection":[{"href":"https:\/\/4room.lv\/ru\/wp-json\/wp\/v2\/product"}],"about":[{"href":"https:\/\/4room.lv\/ru\/wp-json\/wp\/v2\/types\/product"}],"wp:featuredmedia":[{"embeddable":true,"href":"https:\/\/4room.lv\/ru\/wp-json\/wp\/v2\/media\/161771"}],"wp:attachment":[{"href":"https:\/\/4room.lv\/ru\/wp-json\/wp\/v2\/media?parent=161770"}],"wp:term":[{"taxonomy":"product_cat","embeddable":true,"href":"https:\/\/4room.lv\/ru\/wp-json\/wp\/v2\/product_cat?post=161770"},{"taxonomy":"product_tag","embeddable":true,"href":"https:\/\/4room.lv\/ru\/wp-json\/wp\/v2\/product_tag?post=161770"}],"curies":[{"name":"wp","href":"https:\/\/api.w.org\/{rel}","templated":true}]}}