{"id":162010,"date":"2026-01-21T20:40:01","date_gmt":"2026-01-21T18:40:01","guid":{"rendered":"https:\/\/4room.lv\/?post_type=product&#038;p=162010"},"modified":"2026-01-21T20:40:01","modified_gmt":"2026-01-21T18:40:01","slug":"patterson-chair-beige-brown","status":"publish","type":"product","link":"https:\/\/4room.lv\/ru\/veikals\/mebeles\/kresli\/patterson-chair-beige-brown\/","title":{"rendered":"Patterson Chair, Beige\/brown"},"content":{"rendered":"","protected":false},"excerpt":{"rendered":"<p>Patterson ir elegants kr\u0113sls, kas izgatavots no mas\u012bva br\u016bna ozola, apvienojot skandin\u0101vu dizainu ar siltu komfortu. To raksturo skaistas koka deta\u013cas, gludas p\u0101rejas un noapa\u013cotu un taisnu l\u012bniju l\u012bdzsvars, un tas lieliski iederas da\u017e\u0101dos\u00a0 interjera stilos. P\u0101rkl\u0101ts ar be\u0161u audumu. Audums ar nedaudz rupj\u0101ku un tekstur\u0113t\u0101ku pinumu pie\u0161\u0137ir raksturu un modernu piesk\u0101rienu.<\/p>\n<p>Patterson tiek pieg\u0101d\u0101ts piln\u012bb\u0101 salikts un gatavs lieto\u0161anai uzreiz. Kast\u0113 n\u0101k divi kr\u0113sli. Kr\u0113sls ir izgatavots no 100% FSC\u00ae sertific\u0113ta koka, padarot to ne tikai par skaistu papildin\u0101jumu j\u016bsu m\u0101j\u0101m, bet ar\u012b par ilgtsp\u0113j\u012bgu un atbild\u012bgu izv\u0113li.<\/p>\n","protected":false},"featured_media":162011,"template":"","meta":[],"product_cat":[129,144],"product_tag":[],"class_list":{"0":"post-162010","1":"product","2":"type-product","3":"status-publish","4":"has-post-thumbnail","6":"product_brand-rowico","7":"product_cat-mebeles","8":"product_cat-kresli","10":"first","11":"instock","12":"shipping-taxable","13":"purchasable","14":"product-type-simple","15":"hongo-alternate-image-wrap"},"_links":{"self":[{"href":"https:\/\/4room.lv\/ru\/wp-json\/wp\/v2\/product\/162010","targetHints":{"allow":["GET"]}}],"collection":[{"href":"https:\/\/4room.lv\/ru\/wp-json\/wp\/v2\/product"}],"about":[{"href":"https:\/\/4room.lv\/ru\/wp-json\/wp\/v2\/types\/product"}],"wp:featuredmedia":[{"embeddable":true,"href":"https:\/\/4room.lv\/ru\/wp-json\/wp\/v2\/media\/162011"}],"wp:attachment":[{"href":"https:\/\/4room.lv\/ru\/wp-json\/wp\/v2\/media?parent=162010"}],"wp:term":[{"taxonomy":"product_cat","embeddable":true,"href":"https:\/\/4room.lv\/ru\/wp-json\/wp\/v2\/product_cat?post=162010"},{"taxonomy":"product_tag","embeddable":true,"href":"https:\/\/4room.lv\/ru\/wp-json\/wp\/v2\/product_tag?post=162010"}],"curies":[{"name":"wp","href":"https:\/\/api.w.org\/{rel}","templated":true}]}}