{"id":162043,"date":"2026-02-16T18:02:46","date_gmt":"2026-02-16T16:02:46","guid":{"rendered":"https:\/\/4room.lv\/?post_type=product&#038;p=162043"},"modified":"2026-02-16T18:02:46","modified_gmt":"2026-02-16T16:02:46","slug":"cirkus-chandelier-large","status":"publish","type":"product","link":"https:\/\/4room.lv\/ru\/veikals\/apgaismojums\/dekorativais\/cirkus-chandelier-large\/","title":{"rendered":"Cirkus chandelier large"},"content":{"rendered":"","protected":false},"excerpt":{"rendered":"<p>AGO Cirkus lustra ir jautrs, stil\u012bgs un noteikti uzman\u012bbu piesaisto\u0161s gaismeklis, kas lieliski ieder\u0113sies, piem\u0113ram, virs \u0113damgalda vai viesistab\u0101. Rot\u0113jo\u0161ie, U veida aba\u017e\u016bri \u013cauj virz\u012bt gaismas starus jebkur\u0101 v\u0113lamaj\u0101 virzien\u0101.<\/p>\n<p>Gaismeklim ir nepiecie\u0161amas 12gab GU10 spuldzes, kuras komplekt\u0101cij\u0101 nav iek\u013cautas, l\u012bdz ar to var\u0113siet sev piemekl\u0113t v\u0113lamo jaudu un spektru.<\/p>\n<p>Kolekcij\u0101 pieejamas ar\u012b citi stil\u012bgi to\u0146i, k\u0101 zili za\u013c\u0161, pel\u0113ks, melns un viegli dzeltens.<\/p>\n<p>Korejas z\u012bmola AGO ra\u017eot\u0101s un BYMARS studijas veidot\u0101s Cirkus kolekcijas lampas inovat\u012bv\u0101 veid\u0101 sp\u0113l\u0113jas ar gaismu un \u0123eometrisk\u0101m form\u0101m. Cirkus lampas ir interesants korejie\u0161u un skandin\u0101vu dizaina sajaukums. Aktu\u0101l\u0101\u0161 kr\u0101sas un t\u012br\u0101s l\u012bnijas lieliski iederas gan m\u0101j\u0101s, gan sabiedrisk\u0101s telp\u0101s.<\/p>\n","protected":false},"featured_media":162044,"template":"","meta":[],"product_cat":[1058,127,147],"product_tag":[],"class_list":{"0":"post-162043","1":"product","2":"type-product","3":"status-publish","4":"has-post-thumbnail","6":"product_brand-ago","7":"product_cat-dizaina","8":"product_cat-apgaismojums","9":"product_cat-dekorativais","11":"first","12":"instock","13":"shipping-taxable","14":"purchasable","15":"product-type-simple","16":"hongo-alternate-image-wrap"},"_links":{"self":[{"href":"https:\/\/4room.lv\/ru\/wp-json\/wp\/v2\/product\/162043","targetHints":{"allow":["GET"]}}],"collection":[{"href":"https:\/\/4room.lv\/ru\/wp-json\/wp\/v2\/product"}],"about":[{"href":"https:\/\/4room.lv\/ru\/wp-json\/wp\/v2\/types\/product"}],"wp:featuredmedia":[{"embeddable":true,"href":"https:\/\/4room.lv\/ru\/wp-json\/wp\/v2\/media\/162044"}],"wp:attachment":[{"href":"https:\/\/4room.lv\/ru\/wp-json\/wp\/v2\/media?parent=162043"}],"wp:term":[{"taxonomy":"product_cat","embeddable":true,"href":"https:\/\/4room.lv\/ru\/wp-json\/wp\/v2\/product_cat?post=162043"},{"taxonomy":"product_tag","embeddable":true,"href":"https:\/\/4room.lv\/ru\/wp-json\/wp\/v2\/product_tag?post=162043"}],"curies":[{"name":"wp","href":"https:\/\/api.w.org\/{rel}","templated":true}]}}