{"id":162142,"date":"2026-02-22T17:34:06","date_gmt":"2026-02-22T15:34:06","guid":{"rendered":"https:\/\/4room.lv\/?post_type=product&#038;p=162142"},"modified":"2026-02-22T17:34:07","modified_gmt":"2026-02-22T15:34:07","slug":"pendant-led-light-up-down-brushed-coffee","status":"publish","type":"product","link":"https:\/\/4room.lv\/ru\/veikals\/apgaismojums\/dekorativais\/pendant-led-light-up-down-brushed-coffee\/","title":{"rendered":"PENDANT LED LIGHT UP-DOWN BRUSHED COFFEE"},"content":{"rendered":"","protected":false},"excerpt":{"rendered":"<p>Led ri\u0146\u0137is\u00a0 br\u016bngan\u0101 ni\u0137e\u013ca apdar\u0113. Unik\u0101lais apdares tonis ir silt\u0101ks k\u0101 ierastaj\u0101m ni\u0137e\u013ca apdar\u0113m, l\u012bdz ar to labi izskat\u012bsies k\u0101 ar siltiem to\u0146iem, t\u0101 neitr\u0101liem un v\u0113siem. Br\u012bvo tro\u0161u stiprin\u0101jums dod iesp\u0113ju \u0113rti pieregul\u0113t gredzenu v\u0113lamaj\u0101 augstum\u0101 un sl\u012bpum\u0101.<\/p>\n<p>Led \u0161im gaismeklim ir dim\u0113jams, kas \u013caus jums regul\u0113t gaismas spo\u017eumu.<\/p>\n<p>&nbsp;<\/p>\n","protected":false},"featured_media":162153,"template":"","meta":[],"product_cat":[127,148,147],"product_tag":[],"class_list":{"0":"post-162142","1":"product","2":"type-product","3":"status-publish","4":"has-post-thumbnail","6":"product_brand-zambelis","7":"product_cat-apgaismojums","8":"product_cat-arhitekturalais","9":"product_cat-dekorativais","11":"first","12":"instock","13":"shipping-taxable","14":"purchasable","15":"product-type-simple","16":"hongo-alternate-image-wrap"},"_links":{"self":[{"href":"https:\/\/4room.lv\/ru\/wp-json\/wp\/v2\/product\/162142","targetHints":{"allow":["GET"]}}],"collection":[{"href":"https:\/\/4room.lv\/ru\/wp-json\/wp\/v2\/product"}],"about":[{"href":"https:\/\/4room.lv\/ru\/wp-json\/wp\/v2\/types\/product"}],"wp:featuredmedia":[{"embeddable":true,"href":"https:\/\/4room.lv\/ru\/wp-json\/wp\/v2\/media\/162153"}],"wp:attachment":[{"href":"https:\/\/4room.lv\/ru\/wp-json\/wp\/v2\/media?parent=162142"}],"wp:term":[{"taxonomy":"product_cat","embeddable":true,"href":"https:\/\/4room.lv\/ru\/wp-json\/wp\/v2\/product_cat?post=162142"},{"taxonomy":"product_tag","embeddable":true,"href":"https:\/\/4room.lv\/ru\/wp-json\/wp\/v2\/product_tag?post=162142"}],"curies":[{"name":"wp","href":"https:\/\/api.w.org\/{rel}","templated":true}]}}