{"id":162188,"date":"2026-02-22T19:08:00","date_gmt":"2026-02-22T17:08:00","guid":{"rendered":"https:\/\/4room.lv\/?post_type=product&#038;p=162188"},"modified":"2026-02-22T19:08:00","modified_gmt":"2026-02-22T17:08:00","slug":"armchair-adamello-beige","status":"publish","type":"product","link":"https:\/\/4room.lv\/ru\/veikals\/mebeles\/kresli\/armchair-adamello-beige\/","title":{"rendered":"Armchair Adamello Beige"},"content":{"rendered":"","protected":false},"excerpt":{"rendered":"<p>Stabils un \u0113rts \u0113damistabas kr\u0113sls ar roku balstiem retro noska\u0146\u0101s. Smil\u0161kr\u0101sas audums un valrieksta to\u0146a kr\u0113sla k\u0101jas rada m\u0101j\u012bgu kopt\u0113lu, lai padar\u012btu interjeru silt\u0101ku.<\/p>\n","protected":false},"featured_media":162189,"template":"","meta":[],"product_cat":[129,144],"product_tag":[],"class_list":{"0":"post-162188","1":"product","2":"type-product","3":"status-publish","4":"has-post-thumbnail","6":"product_brand-dutch-bone","7":"product_brand-zuiver","8":"product_cat-mebeles","9":"product_cat-kresli","11":"first","12":"instock","13":"shipping-taxable","14":"purchasable","15":"product-type-simple","16":"hongo-alternate-image-wrap"},"_links":{"self":[{"href":"https:\/\/4room.lv\/ru\/wp-json\/wp\/v2\/product\/162188","targetHints":{"allow":["GET"]}}],"collection":[{"href":"https:\/\/4room.lv\/ru\/wp-json\/wp\/v2\/product"}],"about":[{"href":"https:\/\/4room.lv\/ru\/wp-json\/wp\/v2\/types\/product"}],"wp:featuredmedia":[{"embeddable":true,"href":"https:\/\/4room.lv\/ru\/wp-json\/wp\/v2\/media\/162189"}],"wp:attachment":[{"href":"https:\/\/4room.lv\/ru\/wp-json\/wp\/v2\/media?parent=162188"}],"wp:term":[{"taxonomy":"product_cat","embeddable":true,"href":"https:\/\/4room.lv\/ru\/wp-json\/wp\/v2\/product_cat?post=162188"},{"taxonomy":"product_tag","embeddable":true,"href":"https:\/\/4room.lv\/ru\/wp-json\/wp\/v2\/product_tag?post=162188"}],"curies":[{"name":"wp","href":"https:\/\/api.w.org\/{rel}","templated":true}]}}