{"id":162220,"date":"2026-02-22T19:53:24","date_gmt":"2026-02-22T17:53:24","guid":{"rendered":"https:\/\/4room.lv\/?post_type=product&#038;p=162220"},"modified":"2026-02-22T19:53:25","modified_gmt":"2026-02-22T17:53:25","slug":"papi-table-lamp","status":"publish","type":"product","link":"https:\/\/4room.lv\/ru\/veikals\/apgaismojums\/dekorativais\/papi-table-lamp\/","title":{"rendered":"Papi table lamp"},"content":{"rendered":"","protected":false},"excerpt":{"rendered":"<p>Dizaina aktualit\u0101tes un klasiskas v\u0113rt\u012bbas lieliski apvienotas Papi galda gaismekl\u012b. Stikla b\u0101ze terakotas un b\u0113\u0161\u0101 ton\u012b ar mlean metala deta\u013c\u0101m rada stil\u012bgi to\u0146u kombin\u0101ciju. Melnais auduma aba\u017e\u016brs padar\u012bs apgaismojumu int\u012bm\u0101ku, radot pat\u012bkamu noska\u0146u. \u0160is dizain\u0101 izcilais gaismeklis, noteikti b\u016bs j\u016bsu interjera odzi\u0146a!<\/p>\n<p>Pieejams ar\u012b citos to\u0146os un ar da\u017e\u0101diem aba\u017e\u016briem. Vair\u0101k inform\u0101ciju dro\u0161i jaut\u0101jiet mums.<\/p>\n","protected":false},"featured_media":162221,"template":"","meta":[],"product_cat":[127,147],"product_tag":[],"class_list":{"0":"post-162220","1":"product","2":"type-product","3":"status-publish","4":"has-post-thumbnail","6":"product_brand-aromas-del-campo","7":"product_cat-apgaismojums","8":"product_cat-dekorativais","10":"first","11":"instock","12":"sale","13":"shipping-taxable","14":"purchasable","15":"product-type-simple","16":"hongo-alternate-image-wrap"},"_links":{"self":[{"href":"https:\/\/4room.lv\/ru\/wp-json\/wp\/v2\/product\/162220","targetHints":{"allow":["GET"]}}],"collection":[{"href":"https:\/\/4room.lv\/ru\/wp-json\/wp\/v2\/product"}],"about":[{"href":"https:\/\/4room.lv\/ru\/wp-json\/wp\/v2\/types\/product"}],"wp:featuredmedia":[{"embeddable":true,"href":"https:\/\/4room.lv\/ru\/wp-json\/wp\/v2\/media\/162221"}],"wp:attachment":[{"href":"https:\/\/4room.lv\/ru\/wp-json\/wp\/v2\/media?parent=162220"}],"wp:term":[{"taxonomy":"product_cat","embeddable":true,"href":"https:\/\/4room.lv\/ru\/wp-json\/wp\/v2\/product_cat?post=162220"},{"taxonomy":"product_tag","embeddable":true,"href":"https:\/\/4room.lv\/ru\/wp-json\/wp\/v2\/product_tag?post=162220"}],"curies":[{"name":"wp","href":"https:\/\/api.w.org\/{rel}","templated":true}]}}