{"id":162231,"date":"2026-03-01T18:08:22","date_gmt":"2026-03-01T16:08:22","guid":{"rendered":"https:\/\/4room.lv\/?post_type=product&#038;p=162231"},"modified":"2026-03-01T18:08:48","modified_gmt":"2026-03-01T16:08:48","slug":"ceiling-spot-4xgu10","status":"publish","type":"product","link":"https:\/\/4room.lv\/ru\/veikals\/apgaismojums\/dekorativais\/ceiling-spot-4xgu10\/","title":{"rendered":"CEILING SPOT 4XGU10"},"content":{"rendered":"","protected":false},"excerpt":{"rendered":"<p>M\u016bsdien\u012bgs line\u0101rais virsapmetuma gaismeklis ar 4 groz\u0101miem spotiem. Nepiecie\u0161ams viens izvads, bet variet pan\u0101kt labu apgaismojumu, kas b\u016bs vienk\u0101r\u0161\u0101ka un cen\u0101 draudz\u012bga alternat\u012bva slie\u017eu sist\u0113mai. S\u0113rij\u0101 ir ar\u012b gaismek\u013ci citos to\u0146os un ar 3 spotiem. Par to jaut\u0101t variet mums.<\/p>\n<p>Gaismeklim nepiecie\u0161amas 4gab GU10 spuldzes, kuras variet ieg\u0101d\u0101ties p\u0113c sev v\u0113lam\u0101s jaudas un spektra.<\/p>\n","protected":false},"featured_media":162232,"template":"","meta":[],"product_cat":[127,148,147],"product_tag":[],"class_list":{"0":"post-162231","1":"product","2":"type-product","3":"status-publish","4":"has-post-thumbnail","6":"product_brand-zambelis","7":"product_cat-apgaismojums","8":"product_cat-arhitekturalais","9":"product_cat-dekorativais","11":"first","12":"instock","13":"shipping-taxable","14":"purchasable","15":"product-type-simple"},"_links":{"self":[{"href":"https:\/\/4room.lv\/ru\/wp-json\/wp\/v2\/product\/162231","targetHints":{"allow":["GET"]}}],"collection":[{"href":"https:\/\/4room.lv\/ru\/wp-json\/wp\/v2\/product"}],"about":[{"href":"https:\/\/4room.lv\/ru\/wp-json\/wp\/v2\/types\/product"}],"wp:featuredmedia":[{"embeddable":true,"href":"https:\/\/4room.lv\/ru\/wp-json\/wp\/v2\/media\/162232"}],"wp:attachment":[{"href":"https:\/\/4room.lv\/ru\/wp-json\/wp\/v2\/media?parent=162231"}],"wp:term":[{"taxonomy":"product_cat","embeddable":true,"href":"https:\/\/4room.lv\/ru\/wp-json\/wp\/v2\/product_cat?post=162231"},{"taxonomy":"product_tag","embeddable":true,"href":"https:\/\/4room.lv\/ru\/wp-json\/wp\/v2\/product_tag?post=162231"}],"curies":[{"name":"wp","href":"https:\/\/api.w.org\/{rel}","templated":true}]}}