{"id":162238,"date":"2026-03-01T19:21:08","date_gmt":"2026-03-01T17:21:08","guid":{"rendered":"https:\/\/4room.lv\/?post_type=product&#038;p=162238"},"modified":"2026-03-01T19:21:08","modified_gmt":"2026-03-01T17:21:08","slug":"spogulis-led-luna-60","status":"publish","type":"product","link":"https:\/\/4room.lv\/ru\/veikals\/interjeram\/spoguli\/spogulis-led-luna-60\/","title":{"rendered":"Spogulis Led Luna 60"},"content":{"rendered":"","protected":false},"excerpt":{"rendered":"<p>Apa\u013c\u0161 Led spogulis 60cm diametr\u0101. Spogulis skaisti izgaismos sienu, radot atmosf\u0113risku apgaisojumu j\u016bsu telp\u0101. Tas it ar mitrumnotur\u012bbu un b\u016bs piem\u0113rots ar\u012b vannasistabai. Gaismas sl\u0113dzis ir spogu\u013ca s\u0101n\u0101. Izv\u0113l\u0113ties var vienu no diviem gaismas spektra ton\u012bem 3000K vai 4000K, kas dos iesp\u0113ju to pieska\u0146ot j\u016bsu jau eso\u0161ajam apgaismojumam telp\u0101.<\/p>\n<p>&nbsp;<\/p>\n","protected":false},"featured_media":162239,"template":"","meta":[],"product_cat":[127,130,134],"product_tag":[],"class_list":{"0":"post-162238","1":"product","2":"type-product","3":"status-publish","4":"has-post-thumbnail","6":"product_cat-apgaismojums","7":"product_cat-interjeram","8":"product_cat-spoguli","10":"first","11":"instock","12":"sale","13":"shipping-taxable","14":"purchasable","15":"product-type-simple"},"_links":{"self":[{"href":"https:\/\/4room.lv\/ru\/wp-json\/wp\/v2\/product\/162238","targetHints":{"allow":["GET"]}}],"collection":[{"href":"https:\/\/4room.lv\/ru\/wp-json\/wp\/v2\/product"}],"about":[{"href":"https:\/\/4room.lv\/ru\/wp-json\/wp\/v2\/types\/product"}],"wp:featuredmedia":[{"embeddable":true,"href":"https:\/\/4room.lv\/ru\/wp-json\/wp\/v2\/media\/162239"}],"wp:attachment":[{"href":"https:\/\/4room.lv\/ru\/wp-json\/wp\/v2\/media?parent=162238"}],"wp:term":[{"taxonomy":"product_cat","embeddable":true,"href":"https:\/\/4room.lv\/ru\/wp-json\/wp\/v2\/product_cat?post=162238"},{"taxonomy":"product_tag","embeddable":true,"href":"https:\/\/4room.lv\/ru\/wp-json\/wp\/v2\/product_tag?post=162238"}],"curies":[{"name":"wp","href":"https:\/\/api.w.org\/{rel}","templated":true}]}}