{"id":162262,"date":"2026-03-14T14:05:50","date_gmt":"2026-03-14T12:05:50","guid":{"rendered":"https:\/\/4room.lv\/?post_type=product&#038;p=162262"},"modified":"2026-03-14T14:30:49","modified_gmt":"2026-03-14T12:30:49","slug":"sofa-summer-45-seater-latte","status":"publish","type":"product","link":"https:\/\/4room.lv\/ru\/veikals\/mebeles\/divani\/sofa-summer-45-seater-latte\/","title":{"rendered":"Sofa Summer 4,5-Seater Latte"},"content":{"rendered":"","protected":false},"excerpt":{"rendered":"<p>Eirop\u0101 ra\u017eots \u0113rts un m\u016bsdien\u012bgs d\u012bv\u0101ns. Tas priec\u0113s ar savu dizainu, komfortu un kvalit\u0101ti gadiem ilgi. Tam ir pat\u012bkams un notur\u012bgs audums, daudzpus\u012bgi b\u0113\u0161\u0101 ton\u012b, kas viegli integr\u0113sies da\u017e\u0101d\u0101kajos interjeros. Smalkas melna met\u0101la k\u0101jas padara dizainu m\u016bsdien\u012bgu.<\/p>\n<p>Summer s\u0113rij\u0101 ir d\u012bv\u0101nu, atp\u016btas kr\u0113sli un pufi da\u017e\u0101dos izm\u0113ros un to\u0146os. Ja neatrodi m\u016bsu lap\u0101, dro\u0161i ieskaties Zuiver katalog\u0101 vai vaic\u0101 mums.<\/p>\n","protected":false},"featured_media":162263,"template":"","meta":[],"product_cat":[129,145],"product_tag":[],"class_list":{"0":"post-162262","1":"product","2":"type-product","3":"status-publish","4":"has-post-thumbnail","6":"product_brand-zuiver","7":"product_cat-mebeles","8":"product_cat-divani","10":"first","11":"instock","12":"shipping-taxable","13":"purchasable","14":"product-type-simple","15":"hongo-alternate-image-wrap"},"_links":{"self":[{"href":"https:\/\/4room.lv\/ru\/wp-json\/wp\/v2\/product\/162262","targetHints":{"allow":["GET"]}}],"collection":[{"href":"https:\/\/4room.lv\/ru\/wp-json\/wp\/v2\/product"}],"about":[{"href":"https:\/\/4room.lv\/ru\/wp-json\/wp\/v2\/types\/product"}],"wp:featuredmedia":[{"embeddable":true,"href":"https:\/\/4room.lv\/ru\/wp-json\/wp\/v2\/media\/162263"}],"wp:attachment":[{"href":"https:\/\/4room.lv\/ru\/wp-json\/wp\/v2\/media?parent=162262"}],"wp:term":[{"taxonomy":"product_cat","embeddable":true,"href":"https:\/\/4room.lv\/ru\/wp-json\/wp\/v2\/product_cat?post=162262"},{"taxonomy":"product_tag","embeddable":true,"href":"https:\/\/4room.lv\/ru\/wp-json\/wp\/v2\/product_tag?post=162262"}],"curies":[{"name":"wp","href":"https:\/\/api.w.org\/{rel}","templated":true}]}}