{"id":162303,"date":"2026-03-14T14:00:50","date_gmt":"2026-03-14T12:00:50","guid":{"rendered":"https:\/\/4room.lv\/?post_type=product&#038;p=162303"},"modified":"2026-03-14T14:29:51","modified_gmt":"2026-03-14T12:29:51","slug":"nono-49-white","status":"publish","type":"product","link":"https:\/\/4room.lv\/ru\/veikals\/apgaismojums\/dekorativais\/nono-49-white\/","title":{"rendered":"Nono 49 white"},"content":{"rendered":"","protected":false},"excerpt":{"rendered":"<p>Minim\u0101listisks met\u0101la gaismeklis balt\u0101 ton\u012b. Par sp\u012bti att\u016br\u012bgajam dizainam, tam nav, ne ko pielikt, ne at\u0146emt. Ar savu perfekto proporciju, tas rad\u012bs aktu\u0101la dizaina iespaidu jebkur\u0101 telp\u0101. Gaismeklim ir 3m gar\u0161s vads, l\u012bdz ar to, tas b\u016bs piem\u0113rots ar\u012b augstiem griestiem.<\/p>\n<p>Gaismeklim nepiecie\u0161ama E27 spuldze, kuru var\u0113siet piemekl\u0113t p\u0113c saviem ieskatiem.<\/p>\n<p>&nbsp;<\/p>\n","protected":false},"featured_media":162304,"template":"","meta":[],"product_cat":[127,147],"product_tag":[],"class_list":{"0":"post-162303","1":"product","2":"type-product","3":"status-publish","4":"has-post-thumbnail","6":"product_cat-apgaismojums","7":"product_cat-dekorativais","9":"first","10":"instock","11":"sale","12":"shipping-taxable","13":"purchasable","14":"product-type-simple","15":"hongo-alternate-image-wrap"},"_links":{"self":[{"href":"https:\/\/4room.lv\/ru\/wp-json\/wp\/v2\/product\/162303","targetHints":{"allow":["GET"]}}],"collection":[{"href":"https:\/\/4room.lv\/ru\/wp-json\/wp\/v2\/product"}],"about":[{"href":"https:\/\/4room.lv\/ru\/wp-json\/wp\/v2\/types\/product"}],"wp:featuredmedia":[{"embeddable":true,"href":"https:\/\/4room.lv\/ru\/wp-json\/wp\/v2\/media\/162304"}],"wp:attachment":[{"href":"https:\/\/4room.lv\/ru\/wp-json\/wp\/v2\/media?parent=162303"}],"wp:term":[{"taxonomy":"product_cat","embeddable":true,"href":"https:\/\/4room.lv\/ru\/wp-json\/wp\/v2\/product_cat?post=162303"},{"taxonomy":"product_tag","embeddable":true,"href":"https:\/\/4room.lv\/ru\/wp-json\/wp\/v2\/product_tag?post=162303"}],"curies":[{"name":"wp","href":"https:\/\/api.w.org\/{rel}","templated":true}]}}