{"id":162364,"date":"2026-03-14T16:54:47","date_gmt":"2026-03-14T14:54:47","guid":{"rendered":"https:\/\/4room.lv\/?post_type=product&#038;p=162364"},"modified":"2026-03-14T16:55:14","modified_gmt":"2026-03-14T14:55:14","slug":"irides-pendant-20-dichroic","status":"publish","type":"product","link":"https:\/\/4room.lv\/ru\/veikals\/apgaismojums\/dekorativais\/irides-pendant-20-dichroic\/","title":{"rendered":"Irides pendant 20 Dicroic"},"content":{"rendered":"","protected":false},"excerpt":{"rendered":"<p>Sikla Led gaismeklis, kur stikl\u0101 atspogu\u013coas 7 kr\u0101sas, radot ziepju burbu\u013ca efektu. Klasiska lodes forma, bet m\u016bsiden\u012bg\u0101 izpild\u012bjum\u0101. Gaismeklis b\u016bs piem\u0113rots visda\u017e\u0101d\u0101kajiem interjeriem, radot pat\u012bkamu un maigu apgaismojumu.<\/p>\n<p>Irides s\u0113rij\u0101 ir pieejami kupoli no 10-30cm diametr\u0101 da\u017e\u0101dos to\u0146os. Tos var karin\u0101t pa vienam vai veidot kombin\u0101cijas uz gaismek\u013ciem piem\u0113rotas griestu b\u0101zes. Par sev v\u0113lamo komplekt\u0101ciju variet jaut\u0101t mums.<\/p>\n","protected":false},"featured_media":162365,"template":"","meta":[],"product_cat":[127,147],"product_tag":[],"class_list":{"0":"post-162364","1":"product","2":"type-product","3":"status-publish","4":"has-post-thumbnail","6":"product_brand-redo","7":"product_cat-apgaismojums","8":"product_cat-dekorativais","10":"first","11":"instock","12":"shipping-taxable","13":"purchasable","14":"product-type-simple","15":"hongo-alternate-image-wrap"},"_links":{"self":[{"href":"https:\/\/4room.lv\/ru\/wp-json\/wp\/v2\/product\/162364","targetHints":{"allow":["GET"]}}],"collection":[{"href":"https:\/\/4room.lv\/ru\/wp-json\/wp\/v2\/product"}],"about":[{"href":"https:\/\/4room.lv\/ru\/wp-json\/wp\/v2\/types\/product"}],"wp:featuredmedia":[{"embeddable":true,"href":"https:\/\/4room.lv\/ru\/wp-json\/wp\/v2\/media\/162365"}],"wp:attachment":[{"href":"https:\/\/4room.lv\/ru\/wp-json\/wp\/v2\/media?parent=162364"}],"wp:term":[{"taxonomy":"product_cat","embeddable":true,"href":"https:\/\/4room.lv\/ru\/wp-json\/wp\/v2\/product_cat?post=162364"},{"taxonomy":"product_tag","embeddable":true,"href":"https:\/\/4room.lv\/ru\/wp-json\/wp\/v2\/product_tag?post=162364"}],"curies":[{"name":"wp","href":"https:\/\/api.w.org\/{rel}","templated":true}]}}