{"id":162377,"date":"2026-03-14T17:17:22","date_gmt":"2026-03-14T15:17:22","guid":{"rendered":"https:\/\/4room.lv\/?post_type=product&#038;p=162377"},"modified":"2026-03-14T17:17:22","modified_gmt":"2026-03-14T15:17:22","slug":"table-pilar-rice","status":"publish","type":"product","link":"https:\/\/4room.lv\/ru\/veikals\/mebeles\/galdi\/table-pilar-rice\/","title":{"rendered":"Table Pilar Rice"},"content":{"rendered":"","protected":false},"excerpt":{"rendered":"<p>\u0122eometrisks \u0113damistabas galds no o\u0161a finiera, b\u0113\u0161\u0101 ton\u012b. Virsm\u0101m saglab\u0101ts koka raksts, lai rad\u012btu dekorat\u012bvu un m\u0101j\u012bgu efektu. Lielisks k\u0101 funkcion\u0101la m\u0113bele, k\u0101 ar\u012b dizaina elments j\u016bsu interjeram.<\/p>\n","protected":false},"featured_media":162378,"template":"","meta":[],"product_cat":[129,142],"product_tag":[],"class_list":{"0":"post-162377","1":"product","2":"type-product","3":"status-publish","4":"has-post-thumbnail","6":"product_brand-zuiver","7":"product_cat-mebeles","8":"product_cat-galdi","10":"first","11":"instock","12":"shipping-taxable","13":"purchasable","14":"product-type-simple","15":"hongo-alternate-image-wrap"},"_links":{"self":[{"href":"https:\/\/4room.lv\/ru\/wp-json\/wp\/v2\/product\/162377","targetHints":{"allow":["GET"]}}],"collection":[{"href":"https:\/\/4room.lv\/ru\/wp-json\/wp\/v2\/product"}],"about":[{"href":"https:\/\/4room.lv\/ru\/wp-json\/wp\/v2\/types\/product"}],"wp:featuredmedia":[{"embeddable":true,"href":"https:\/\/4room.lv\/ru\/wp-json\/wp\/v2\/media\/162378"}],"wp:attachment":[{"href":"https:\/\/4room.lv\/ru\/wp-json\/wp\/v2\/media?parent=162377"}],"wp:term":[{"taxonomy":"product_cat","embeddable":true,"href":"https:\/\/4room.lv\/ru\/wp-json\/wp\/v2\/product_cat?post=162377"},{"taxonomy":"product_tag","embeddable":true,"href":"https:\/\/4room.lv\/ru\/wp-json\/wp\/v2\/product_tag?post=162377"}],"curies":[{"name":"wp","href":"https:\/\/api.w.org\/{rel}","templated":true}]}}