{"id":162492,"date":"2026-04-12T13:16:08","date_gmt":"2026-04-12T10:16:08","guid":{"rendered":"https:\/\/4room.lv\/?post_type=product&#038;p=162492"},"modified":"2026-04-12T13:16:08","modified_gmt":"2026-04-12T10:16:08","slug":"rawlins-3-seater-sofa-rachel-207-green-259x116x85-cm","status":"publish","type":"product","link":"https:\/\/4room.lv\/ru\/veikals\/mebeles\/divani\/rawlins-3-seater-sofa-rachel-207-green-259x116x85-cm\/","title":{"rendered":"Rawlins 3-seater sofa, Rachel #207 green, 259x116x85 cm"},"content":{"rendered":"","protected":false},"excerpt":{"rendered":"<p>Prakstisks un \u0113rts skandin\u0101vu d\u012bv\u0101ns, fantastisk\u0101 za\u013c\u0101 ton\u012b. Audums ir \u012bpa\u0161i iztur\u012bgs un m\u012bksts taustei. Tonis ir tum\u0161i za\u013c\u0161, kas atg\u0101dina me\u017ea to\u0146us, ienesot dabas to\u0146u gammu interjer\u0101. Dziani\u0101 neitr\u0101ls un viegli ntegr\u0113sies da\u017e\u0101dos interjeros.<\/p>\n<p>Pieejams ar\u012b citos izm\u0113ros un to\u0146os. Vair\u0101k uzzin\u0101t variet v\u0113r\u0161oties pie mums.<\/p>\n","protected":false},"featured_media":162493,"template":"","meta":[],"product_cat":[129,145],"product_tag":[],"class_list":{"0":"post-162492","1":"product","2":"type-product","3":"status-publish","4":"has-post-thumbnail","6":"product_brand-rowico","7":"product_cat-mebeles","8":"product_cat-divani","10":"first","11":"instock","12":"shipping-taxable","13":"purchasable","14":"product-type-simple","15":"hongo-alternate-image-wrap"},"_links":{"self":[{"href":"https:\/\/4room.lv\/ru\/wp-json\/wp\/v2\/product\/162492","targetHints":{"allow":["GET"]}}],"collection":[{"href":"https:\/\/4room.lv\/ru\/wp-json\/wp\/v2\/product"}],"about":[{"href":"https:\/\/4room.lv\/ru\/wp-json\/wp\/v2\/types\/product"}],"wp:featuredmedia":[{"embeddable":true,"href":"https:\/\/4room.lv\/ru\/wp-json\/wp\/v2\/media\/162493"}],"wp:attachment":[{"href":"https:\/\/4room.lv\/ru\/wp-json\/wp\/v2\/media?parent=162492"}],"wp:term":[{"taxonomy":"product_cat","embeddable":true,"href":"https:\/\/4room.lv\/ru\/wp-json\/wp\/v2\/product_cat?post=162492"},{"taxonomy":"product_tag","embeddable":true,"href":"https:\/\/4room.lv\/ru\/wp-json\/wp\/v2\/product_tag?post=162492"}],"curies":[{"name":"wp","href":"https:\/\/api.w.org\/{rel}","templated":true}]}}