{"id":162609,"date":"2026-04-18T17:49:47","date_gmt":"2026-04-18T14:49:47","guid":{"rendered":"https:\/\/4room.lv\/?post_type=product&#038;p=162609"},"modified":"2026-04-18T17:49:47","modified_gmt":"2026-04-18T14:49:47","slug":"chair-robyn","status":"publish","type":"product","link":"https:\/\/4room.lv\/ru\/veikals\/mebeles\/kresli\/chair-robyn\/","title":{"rendered":"Chair Robyn"},"content":{"rendered":"","protected":false},"excerpt":{"rendered":"<p>Robyn s\u0113rij\u0101 izce\u013cas noapa\u013cot\u0101s formas un maig\u0101s l\u012bnijas gan s\u0113dekl\u012b, gan atzveltn\u0113, k\u0101 ar\u012b r\u0101mja apdar\u0113. M\u0113beles ir apvilktas ar stil\u012bgu, rupji austu audumum\u0101la kr\u0101s\u0101.\u00a0 \u0112rts un lieliski atbilst m\u016bsdienu tendenc\u0113m.<\/p>\n","protected":false},"featured_media":162610,"template":"","meta":[],"product_cat":[129,144],"product_tag":[],"class_list":{"0":"post-162609","1":"product","2":"type-product","3":"status-publish","4":"has-post-thumbnail","6":"product_brand-white-label-living","7":"product_brand-zuiver","8":"product_cat-mebeles","9":"product_cat-kresli","11":"first","12":"instock","13":"shipping-taxable","14":"purchasable","15":"product-type-simple","16":"hongo-alternate-image-wrap"},"_links":{"self":[{"href":"https:\/\/4room.lv\/ru\/wp-json\/wp\/v2\/product\/162609","targetHints":{"allow":["GET"]}}],"collection":[{"href":"https:\/\/4room.lv\/ru\/wp-json\/wp\/v2\/product"}],"about":[{"href":"https:\/\/4room.lv\/ru\/wp-json\/wp\/v2\/types\/product"}],"wp:featuredmedia":[{"embeddable":true,"href":"https:\/\/4room.lv\/ru\/wp-json\/wp\/v2\/media\/162610"}],"wp:attachment":[{"href":"https:\/\/4room.lv\/ru\/wp-json\/wp\/v2\/media?parent=162609"}],"wp:term":[{"taxonomy":"product_cat","embeddable":true,"href":"https:\/\/4room.lv\/ru\/wp-json\/wp\/v2\/product_cat?post=162609"},{"taxonomy":"product_tag","embeddable":true,"href":"https:\/\/4room.lv\/ru\/wp-json\/wp\/v2\/product_tag?post=162609"}],"curies":[{"name":"wp","href":"https:\/\/api.w.org\/{rel}","templated":true}]}}