{"id":162625,"date":"2026-04-18T18:08:22","date_gmt":"2026-04-18T15:08:22","guid":{"rendered":"https:\/\/4room.lv\/?post_type=product&#038;p=162625"},"modified":"2026-04-18T18:08:23","modified_gmt":"2026-04-18T15:08:23","slug":"set-outdoor-vista","status":"publish","type":"product","link":"https:\/\/4room.lv\/ru\/veikals\/mebeles\/kresli\/set-outdoor-vista\/","title":{"rendered":"Set Outdoor Vista"},"content":{"rendered":"","protected":false},"excerpt":{"rendered":"<p>Radiet \u0113rtu un modernu vidi ar\u012b \u0101rtelp\u0101s ar m\u0113be\u013cu komplektu Vista.\u00a0 Ietilp\u012bgajos spilvenos j\u016bs patie\u0161\u0101m \u0113rti iek\u0101rtosieties. Komplekt\u0101 ir\u00a0 2.5 vie\u012bgs d\u012bv\u0101ns un divi atp\u016btas kr\u0113sli, t\u0101 k\u0101 b\u016bs piem\u0113rots gan \u0123imen\u0113m, gan tiem kam bie\u017ei viesi.\u00a0 Pat\u012bkamie b\u0113\u0161ie to\u0146i b\u016bs neuzb\u0101z\u012bgi un viegli kopt\u0113l\u0101. Paredz\u0113ti lieto\u0161anai \u0101r\u0101 no \u012bpa\u0161i notur\u012bgiem materi\u0101liem &#8212; Olefin \u0161\u0137iedras auduma spilveniem un alum\u012bnija r\u0101mim.<\/p>\n","protected":false},"featured_media":162626,"template":"","meta":[],"product_cat":[129,145,144],"product_tag":[],"class_list":{"0":"post-162625","1":"product","2":"type-product","3":"status-publish","4":"has-post-thumbnail","6":"product_brand-zuiver","7":"product_cat-mebeles","8":"product_cat-divani","9":"product_cat-kresli","11":"first","12":"instock","13":"shipping-taxable","14":"purchasable","15":"product-type-simple","16":"hongo-alternate-image-wrap"},"_links":{"self":[{"href":"https:\/\/4room.lv\/ru\/wp-json\/wp\/v2\/product\/162625","targetHints":{"allow":["GET"]}}],"collection":[{"href":"https:\/\/4room.lv\/ru\/wp-json\/wp\/v2\/product"}],"about":[{"href":"https:\/\/4room.lv\/ru\/wp-json\/wp\/v2\/types\/product"}],"wp:featuredmedia":[{"embeddable":true,"href":"https:\/\/4room.lv\/ru\/wp-json\/wp\/v2\/media\/162626"}],"wp:attachment":[{"href":"https:\/\/4room.lv\/ru\/wp-json\/wp\/v2\/media?parent=162625"}],"wp:term":[{"taxonomy":"product_cat","embeddable":true,"href":"https:\/\/4room.lv\/ru\/wp-json\/wp\/v2\/product_cat?post=162625"},{"taxonomy":"product_tag","embeddable":true,"href":"https:\/\/4room.lv\/ru\/wp-json\/wp\/v2\/product_tag?post=162625"}],"curies":[{"name":"wp","href":"https:\/\/api.w.org\/{rel}","templated":true}]}}