{"id":162663,"date":"2026-05-12T20:09:36","date_gmt":"2026-05-12T17:09:36","guid":{"rendered":"https:\/\/4room.lv\/?post_type=product&#038;p=162663"},"modified":"2026-05-12T20:09:36","modified_gmt":"2026-05-12T17:09:36","slug":"granso-chrome-50-cm","status":"publish","type":"product","link":"https:\/\/4room.lv\/ru\/veikals\/apgaismojums\/dekorativais\/granso-chrome-50-cm\/","title":{"rendered":"Gr\u00e4ns\u00f6 Chrome 50 cm"},"content":{"rendered":"","protected":false},"excerpt":{"rendered":"<p>Eleganta un klasiska krist\u0101la lustra ar hroma r\u0101mi. Krist\u0101lu virtenes skaisti zaigos gaism\u0101, radot izsmalcin\u0101tu gaismas sp\u0113li j\u016bsu telp\u0101. Lielisks risin\u0101jums klasikas cien\u012bt\u0101jiem.<\/p>\n<p>Gaismeklim nepiecie\u0161amas 3gab E14 spuldzes. M\u0113s ieteiktu likt caursp\u012bd\u012bga stikla spuldzes , lai saglab\u0101tu eleganto vieglumu. Jaudu un spektru jau variet izv\u0113l\u0113ties p\u0113c nepiecie\u0161am\u012bbas.<\/p>\n","protected":false},"featured_media":162664,"template":"","meta":[],"product_cat":[127,147],"product_tag":[],"class_list":{"0":"post-162663","1":"product","2":"type-product","3":"status-publish","4":"has-post-thumbnail","6":"product_brand-markslojd","7":"product_cat-apgaismojums","8":"product_cat-dekorativais","10":"first","11":"instock","12":"shipping-taxable","13":"purchasable","14":"product-type-simple","15":"hongo-alternate-image-wrap"},"_links":{"self":[{"href":"https:\/\/4room.lv\/ru\/wp-json\/wp\/v2\/product\/162663","targetHints":{"allow":["GET"]}}],"collection":[{"href":"https:\/\/4room.lv\/ru\/wp-json\/wp\/v2\/product"}],"about":[{"href":"https:\/\/4room.lv\/ru\/wp-json\/wp\/v2\/types\/product"}],"wp:featuredmedia":[{"embeddable":true,"href":"https:\/\/4room.lv\/ru\/wp-json\/wp\/v2\/media\/162664"}],"wp:attachment":[{"href":"https:\/\/4room.lv\/ru\/wp-json\/wp\/v2\/media?parent=162663"}],"wp:term":[{"taxonomy":"product_cat","embeddable":true,"href":"https:\/\/4room.lv\/ru\/wp-json\/wp\/v2\/product_cat?post=162663"},{"taxonomy":"product_tag","embeddable":true,"href":"https:\/\/4room.lv\/ru\/wp-json\/wp\/v2\/product_tag?post=162663"}],"curies":[{"name":"wp","href":"https:\/\/api.w.org\/{rel}","templated":true}]}}