{"id":162678,"date":"2026-05-12T20:43:30","date_gmt":"2026-05-12T17:43:30","guid":{"rendered":"https:\/\/4room.lv\/?post_type=product&#038;p=162678"},"modified":"2026-05-12T20:43:30","modified_gmt":"2026-05-12T17:43:30","slug":"tolomeo-micro-blue-klein","status":"publish","type":"product","link":"https:\/\/4room.lv\/ru\/veikals\/apgaismojums\/dekorativais\/tolomeo-micro-blue-klein\/","title":{"rendered":"Tolomeo Micro Blue Klein"},"content":{"rendered":"","protected":false},"excerpt":{"rendered":"<p>Ikonisk\u0101 Tolomeo jaunos to\u0146os Micro versij\u0101! Fantastiska jaunu to\u0146u palete pieejama funkcion\u0101laj\u0101m Tolomeo Micro galda lap\u0101m. Izteiksm\u012bgi zilai tonis viennoz\u012bm\u012bgi b\u016bs &#171;odzi\u0146a&#187; interjer\u0101, atsvaidzinot jebkuur telpu, pie\u0161kirot tai m\u016bsdien\u012bgu akcentu.<\/p>\n<p>Gaismekl\u012b nepiecie\u0161ama E14 spuldze, kuru variet izv\u0113l\u0113ties p\u0113c saviem ieskatiem.<\/p>\n<ul class=\"subfamily-list\">\n<li>design by:\u00a0<strong>Michele De Lucchi, Giancarlo Fassina<\/strong><\/li>\n<\/ul>\n<p>&nbsp;<\/p>\n","protected":false},"featured_media":162679,"template":"","meta":[],"product_cat":[1058,127,147],"product_tag":[],"class_list":{"0":"post-162678","1":"product","2":"type-product","3":"status-publish","4":"has-post-thumbnail","6":"product_brand-artemide","7":"product_cat-dizaina","8":"product_cat-apgaismojums","9":"product_cat-dekorativais","11":"first","12":"instock","13":"shipping-taxable","14":"purchasable","15":"product-type-simple","16":"hongo-alternate-image-wrap"},"_links":{"self":[{"href":"https:\/\/4room.lv\/ru\/wp-json\/wp\/v2\/product\/162678","targetHints":{"allow":["GET"]}}],"collection":[{"href":"https:\/\/4room.lv\/ru\/wp-json\/wp\/v2\/product"}],"about":[{"href":"https:\/\/4room.lv\/ru\/wp-json\/wp\/v2\/types\/product"}],"wp:featuredmedia":[{"embeddable":true,"href":"https:\/\/4room.lv\/ru\/wp-json\/wp\/v2\/media\/162679"}],"wp:attachment":[{"href":"https:\/\/4room.lv\/ru\/wp-json\/wp\/v2\/media?parent=162678"}],"wp:term":[{"taxonomy":"product_cat","embeddable":true,"href":"https:\/\/4room.lv\/ru\/wp-json\/wp\/v2\/product_cat?post=162678"},{"taxonomy":"product_tag","embeddable":true,"href":"https:\/\/4room.lv\/ru\/wp-json\/wp\/v2\/product_tag?post=162678"}],"curies":[{"name":"wp","href":"https:\/\/api.w.org\/{rel}","templated":true}]}}